{"id":58,"date":"2017-06-05T09:10:36","date_gmt":"2017-06-05T12:10:36","guid":{"rendered":"http:\/\/www.ngmetalurgica.com.br\/?page_id=58"},"modified":"2021-04-07T11:02:26","modified_gmt":"2021-04-07T14:02:26","slug":"complexo-fabril-capim-fino","status":"publish","type":"page","link":"https:\/\/www.ngmetalurgica.com.br\/es\/empresa\/complexo-fabril-capim-fino\/","title":{"rendered":"Planta industrial Fabril Capim Fino"},"content":{"rendered":"<p><\/p>\n<h4>Una de las m\u00e1s modernas instalaciones en Brasil para fabricaci\u00f3n de equipos en acero inoxidable, carbono y ligas especiales.<\/h4>\n<p><strong>600.000 m\u00b2 total area<\/strong><br \/>\n<strong>75.000 m\u00b2 area constru\u00edda<\/strong><\/p>\n<p><iframe loading=\"lazy\" src=\"https:\/\/player.vimeo.com\/video\/232636808?title=0&amp;byline=0&amp;portrait=0\" width=\"100%\" height=\"360\" frameborder=\"0\" allowfullscreen=\"allowfullscreen\"><\/iframe><\/p>","protected":false},"excerpt":{"rendered":"<p>Una de las m\u00e1s modernas instalaciones en Brasil para fabricaci\u00f3n de equipos en acero inoxidable, carbono y ligas especiales. 600.000 m\u00b2 total area 75.000 m\u00b2 area constru\u00edda<\/p>\n","protected":false},"author":1,"featured_media":0,"parent":54,"menu_order":2,"comment_status":"closed","ping_status":"closed","template":"","meta":{"_acf_changed":false,"footnotes":""},"class_list":["post-58","page","type-page","status-publish","hentry"],"acf":[],"yoast_head":"<!-- This site is optimized with the Yoast SEO plugin v27.5 - https:\/\/yoast.com\/product\/yoast-seo-wordpress\/ -->\n<title>Planta industrial Fabril Capim Fino - NG Metal\u00fargica<\/title>\n<meta name=\"robots\" content=\"index, follow, max-snippet:-1, max-image-preview:large, max-video-preview:-1\" \/>\n<link rel=\"canonical\" href=\"https:\/\/www.ngmetalurgica.com.br\/es\/empresa\/complexo-fabril-capim-fino\/\" \/>\n<meta property=\"og:locale\" content=\"es_ES\" \/>\n<meta property=\"og:type\" content=\"article\" \/>\n<meta property=\"og:title\" content=\"Planta industrial Fabril Capim Fino - NG Metal\u00fargica\" \/>\n<meta property=\"og:description\" content=\"Una de las m\u00e1s modernas instalaciones en Brasil para fabricaci\u00f3n de equipos en acero inoxidable, carbono y ligas especiales. 600.000 m\u00b2 total area 75.000 m\u00b2 area constru\u00edda\" \/>\n<meta property=\"og:url\" content=\"https:\/\/www.ngmetalurgica.com.br\/es\/empresa\/complexo-fabril-capim-fino\/\" \/>\n<meta property=\"og:site_name\" content=\"NG Metal\u00fargica\" \/>\n<meta property=\"article:modified_time\" content=\"2021-04-07T14:02:26+00:00\" \/>\n<meta name=\"twitter:card\" content=\"summary_large_image\" \/>\n<script type=\"application\/ld+json\" class=\"yoast-schema-graph\">{\"@context\":\"https:\\\/\\\/schema.org\",\"@graph\":[{\"@type\":\"WebPage\",\"@id\":\"https:\\\/\\\/www.ngmetalurgica.com.br\\\/es\\\/empresa\\\/complexo-fabril-capim-fino\\\/\",\"url\":\"https:\\\/\\\/www.ngmetalurgica.com.br\\\/es\\\/empresa\\\/complexo-fabril-capim-fino\\\/\",\"name\":\"Planta industrial Fabril Capim Fino - NG Metal\u00fargica\",\"isPartOf\":{\"@id\":\"https:\\\/\\\/www.ngmetalurgica.com.br\\\/es\\\/#website\"},\"datePublished\":\"2017-06-05T12:10:36+00:00\",\"dateModified\":\"2021-04-07T14:02:26+00:00\",\"breadcrumb\":{\"@id\":\"https:\\\/\\\/www.ngmetalurgica.com.br\\\/es\\\/empresa\\\/complexo-fabril-capim-fino\\\/#breadcrumb\"},\"inLanguage\":\"es\",\"potentialAction\":[{\"@type\":\"ReadAction\",\"target\":[[\"https:\\\/\\\/www.ngmetalurgica.com.br\\\/es\\\/empresa\\\/complexo-fabril-capim-fino\\\/\"]]}]},{\"@type\":\"BreadcrumbList\",\"@id\":\"https:\\\/\\\/www.ngmetalurgica.com.br\\\/es\\\/empresa\\\/complexo-fabril-capim-fino\\\/#breadcrumb\",\"itemListElement\":[{\"@type\":\"ListItem\",\"position\":1,\"name\":\"In\u00edcio\",\"item\":\"https:\\\/\\\/www.ngmetalurgica.com.br\\\/es\\\/\"},{\"@type\":\"ListItem\",\"position\":2,\"name\":\"Empresa\",\"item\":\"https:\\\/\\\/www.ngmetalurgica.com.br\\\/es\\\/empresa\\\/\"},{\"@type\":\"ListItem\",\"position\":3,\"name\":\"Complexo Fabril Capim Fino\"}]},{\"@type\":\"WebSite\",\"@id\":\"https:\\\/\\\/www.ngmetalurgica.com.br\\\/es\\\/#website\",\"url\":\"https:\\\/\\\/www.ngmetalurgica.com.br\\\/es\\\/\",\"name\":\"NG Metal\u00fargica\",\"description\":\"\",\"publisher\":{\"@id\":\"https:\\\/\\\/www.ngmetalurgica.com.br\\\/es\\\/#organization\"},\"potentialAction\":[{\"@type\":\"SearchAction\",\"target\":{\"@type\":\"EntryPoint\",\"urlTemplate\":\"https:\\\/\\\/www.ngmetalurgica.com.br\\\/es\\\/?s={search_term_string}\"},\"query-input\":{\"@type\":\"PropertyValueSpecification\",\"valueRequired\":true,\"valueName\":\"search_term_string\"}}],\"inLanguage\":\"es\"},{\"@type\":\"Organization\",\"@id\":\"https:\\\/\\\/www.ngmetalurgica.com.br\\\/es\\\/#organization\",\"name\":\"NG Metal\u00fargica\",\"url\":\"https:\\\/\\\/www.ngmetalurgica.com.br\\\/es\\\/\",\"logo\":{\"@type\":\"ImageObject\",\"inLanguage\":\"es\",\"@id\":\"https:\\\/\\\/www.ngmetalurgica.com.br\\\/es\\\/#\\\/schema\\\/logo\\\/image\\\/\",\"url\":\"https:\\\/\\\/www.ngmetalurgica.com.br\\\/wp-content\\\/uploads\\\/2021\\\/04\\\/ng-vagas.png\",\"contentUrl\":\"https:\\\/\\\/www.ngmetalurgica.com.br\\\/wp-content\\\/uploads\\\/2021\\\/04\\\/ng-vagas.png\",\"width\":630,\"height\":350,\"caption\":\"NG Metal\u00fargica\"},\"image\":{\"@id\":\"https:\\\/\\\/www.ngmetalurgica.com.br\\\/es\\\/#\\\/schema\\\/logo\\\/image\\\/\"}}]}<\/script>\n<!-- \/ Yoast SEO plugin. -->","yoast_head_json":{"title":"Planta industrial Fabril Capim Fino - NG Metal\u00fargica","robots":{"index":"index","follow":"follow","max-snippet":"max-snippet:-1","max-image-preview":"max-image-preview:large","max-video-preview":"max-video-preview:-1"},"canonical":"https:\/\/www.ngmetalurgica.com.br\/es\/empresa\/complexo-fabril-capim-fino\/","og_locale":"es_ES","og_type":"article","og_title":"Planta industrial Fabril Capim Fino - NG Metal\u00fargica","og_description":"Una de las m\u00e1s modernas instalaciones en Brasil para fabricaci\u00f3n de equipos en acero inoxidable, carbono y ligas especiales. 600.000 m\u00b2 total area 75.000 m\u00b2 area constru\u00edda","og_url":"https:\/\/www.ngmetalurgica.com.br\/es\/empresa\/complexo-fabril-capim-fino\/","og_site_name":"NG Metal\u00fargica","article_modified_time":"2021-04-07T14:02:26+00:00","twitter_card":"summary_large_image","schema":{"@context":"https:\/\/schema.org","@graph":[{"@type":"WebPage","@id":"https:\/\/www.ngmetalurgica.com.br\/es\/empresa\/complexo-fabril-capim-fino\/","url":"https:\/\/www.ngmetalurgica.com.br\/es\/empresa\/complexo-fabril-capim-fino\/","name":"Planta industrial Fabril Capim Fino - NG Metal\u00fargica","isPartOf":{"@id":"https:\/\/www.ngmetalurgica.com.br\/es\/#website"},"datePublished":"2017-06-05T12:10:36+00:00","dateModified":"2021-04-07T14:02:26+00:00","breadcrumb":{"@id":"https:\/\/www.ngmetalurgica.com.br\/es\/empresa\/complexo-fabril-capim-fino\/#breadcrumb"},"inLanguage":"es","potentialAction":[{"@type":"ReadAction","target":[["https:\/\/www.ngmetalurgica.com.br\/es\/empresa\/complexo-fabril-capim-fino\/"]]}]},{"@type":"BreadcrumbList","@id":"https:\/\/www.ngmetalurgica.com.br\/es\/empresa\/complexo-fabril-capim-fino\/#breadcrumb","itemListElement":[{"@type":"ListItem","position":1,"name":"In\u00edcio","item":"https:\/\/www.ngmetalurgica.com.br\/es\/"},{"@type":"ListItem","position":2,"name":"Empresa","item":"https:\/\/www.ngmetalurgica.com.br\/es\/empresa\/"},{"@type":"ListItem","position":3,"name":"Complexo Fabril Capim Fino"}]},{"@type":"WebSite","@id":"https:\/\/www.ngmetalurgica.com.br\/es\/#website","url":"https:\/\/www.ngmetalurgica.com.br\/es\/","name":"NG Metal\u00fargica","description":"","publisher":{"@id":"https:\/\/www.ngmetalurgica.com.br\/es\/#organization"},"potentialAction":[{"@type":"SearchAction","target":{"@type":"EntryPoint","urlTemplate":"https:\/\/www.ngmetalurgica.com.br\/es\/?s={search_term_string}"},"query-input":{"@type":"PropertyValueSpecification","valueRequired":true,"valueName":"search_term_string"}}],"inLanguage":"es"},{"@type":"Organization","@id":"https:\/\/www.ngmetalurgica.com.br\/es\/#organization","name":"NG Metal\u00fargica","url":"https:\/\/www.ngmetalurgica.com.br\/es\/","logo":{"@type":"ImageObject","inLanguage":"es","@id":"https:\/\/www.ngmetalurgica.com.br\/es\/#\/schema\/logo\/image\/","url":"https:\/\/www.ngmetalurgica.com.br\/wp-content\/uploads\/2021\/04\/ng-vagas.png","contentUrl":"https:\/\/www.ngmetalurgica.com.br\/wp-content\/uploads\/2021\/04\/ng-vagas.png","width":630,"height":350,"caption":"NG Metal\u00fargica"},"image":{"@id":"https:\/\/www.ngmetalurgica.com.br\/es\/#\/schema\/logo\/image\/"}}]}},"_links":{"self":[{"href":"https:\/\/www.ngmetalurgica.com.br\/es\/wp-json\/wp\/v2\/pages\/58","targetHints":{"allow":["GET"]}}],"collection":[{"href":"https:\/\/www.ngmetalurgica.com.br\/es\/wp-json\/wp\/v2\/pages"}],"about":[{"href":"https:\/\/www.ngmetalurgica.com.br\/es\/wp-json\/wp\/v2\/types\/page"}],"author":[{"embeddable":true,"href":"https:\/\/www.ngmetalurgica.com.br\/es\/wp-json\/wp\/v2\/users\/1"}],"replies":[{"embeddable":true,"href":"https:\/\/www.ngmetalurgica.com.br\/es\/wp-json\/wp\/v2\/comments?post=58"}],"version-history":[{"count":9,"href":"https:\/\/www.ngmetalurgica.com.br\/es\/wp-json\/wp\/v2\/pages\/58\/revisions"}],"predecessor-version":[{"id":3395,"href":"https:\/\/www.ngmetalurgica.com.br\/es\/wp-json\/wp\/v2\/pages\/58\/revisions\/3395"}],"up":[{"embeddable":true,"href":"https:\/\/www.ngmetalurgica.com.br\/es\/wp-json\/wp\/v2\/pages\/54"}],"wp:attachment":[{"href":"https:\/\/www.ngmetalurgica.com.br\/es\/wp-json\/wp\/v2\/media?parent=58"}],"curies":[{"name":"wp","href":"https:\/\/api.w.org\/{rel}","templated":true}]}}