{"id":56,"date":"2017-06-05T09:09:47","date_gmt":"2017-06-05T12:09:47","guid":{"rendered":"http:\/\/www.ngmetalurgica.com.br\/?page_id=56"},"modified":"2020-12-11T15:17:37","modified_gmt":"2020-12-11T18:17:37","slug":"visao-missao-e-valores","status":"publish","type":"page","link":"https:\/\/www.ngmetalurgica.com.br\/es\/empresa\/visao-missao-e-valores\/","title":{"rendered":"Visi\u00f3n, Misi\u00f3n &#038; Valores"},"content":{"rendered":"<p><strong>Visi\u00f3n<\/strong><\/p>\n<p>Ser una empresa de excelencia en la producci\u00f3n de equipos mec\u00e1nicos, calderas y sistemas, de destaque en los sectores de generaci\u00f3n de energ\u00eda el\u00e9ctrica y mec\u00e1nica, producci\u00f3n de etanol y petr\u00f3leo, producci\u00f3n de papel y celulosa, as\u00ed como tambi\u00e9n en las industrias de los sectores qu\u00edmico y petroqu\u00edmico respectivamente.<\/p>\n<p><strong>Misi\u00f3n<\/strong><\/p>\n<p>Producir dichos equipos y sistemas con tecnolog\u00eda y calidad, respetando y protegiendo el medio ambiente, utilizando sistemas de seguridad adecuados y medicina del trabajo, en condiciones que atiendan plenamente las necesidades y expectativas de los clientes, asegurando:<\/p>\n<ul>\n<li>La permanencia y la participaci\u00f3n en el mercado.<\/li>\n<li>Crecimiento continuo de las actividades.<\/li>\n<li>El retorno del capital invertido por los accionistas, visando el desarrollo sostenido<\/li>\n<\/ul>\n<p><strong>Valores<\/strong><\/p>\n<ul>\n<li>Empreender continuamente.<\/li>\n<li>Tradici\u00f3n \u2013 Permanencia hist\u00f3rica en el mercado.<\/li>\n<li>Responsabilidad Social.<\/li>\n<li>Compromiso y \u00c9tica.<\/li>\n<\/ul>\n<p><\/p>","protected":false},"excerpt":{"rendered":"<p>Visi\u00f3n Ser una empresa de excelencia en la producci\u00f3n de equipos mec\u00e1nicos, calderas y sistemas, de destaque en los sectores de generaci\u00f3n de energ\u00eda el\u00e9ctrica y mec\u00e1nica, producci\u00f3n de etanol y petr\u00f3leo, producci\u00f3n de papel y celulosa, as\u00ed como tambi\u00e9n en las industrias de los sectores qu\u00edmico y petroqu\u00edmico respectivamente. Misi\u00f3n Producir dichos equipos y [&hellip;]<\/p>\n","protected":false},"author":1,"featured_media":0,"parent":54,"menu_order":1,"comment_status":"closed","ping_status":"closed","template":"","meta":{"_acf_changed":false,"footnotes":""},"class_list":["post-56","page","type-page","status-publish","hentry"],"acf":[],"yoast_head":"<!-- This site is optimized with the Yoast SEO plugin v27.5 - https:\/\/yoast.com\/product\/yoast-seo-wordpress\/ -->\n<title>Visi\u00f3n, Misi\u00f3n &amp; Valores - NG Metal\u00fargica<\/title>\n<meta name=\"robots\" content=\"index, follow, max-snippet:-1, max-image-preview:large, max-video-preview:-1\" \/>\n<link rel=\"canonical\" href=\"https:\/\/www.ngmetalurgica.com.br\/es\/empresa\/visao-missao-e-valores\/\" \/>\n<meta property=\"og:locale\" content=\"es_ES\" \/>\n<meta property=\"og:type\" content=\"article\" \/>\n<meta property=\"og:title\" content=\"Visi\u00f3n, Misi\u00f3n &amp; Valores - NG Metal\u00fargica\" \/>\n<meta property=\"og:description\" content=\"Visi\u00f3n Ser una empresa de excelencia en la producci\u00f3n de equipos mec\u00e1nicos, calderas y sistemas, de destaque en los sectores de generaci\u00f3n de energ\u00eda el\u00e9ctrica y mec\u00e1nica, producci\u00f3n de etanol y petr\u00f3leo, producci\u00f3n de papel y celulosa, as\u00ed como tambi\u00e9n en las industrias de los sectores qu\u00edmico y petroqu\u00edmico respectivamente. Misi\u00f3n Producir dichos equipos y [&hellip;]\" \/>\n<meta property=\"og:url\" content=\"https:\/\/www.ngmetalurgica.com.br\/es\/empresa\/visao-missao-e-valores\/\" \/>\n<meta property=\"og:site_name\" content=\"NG Metal\u00fargica\" \/>\n<meta property=\"article:modified_time\" content=\"2020-12-11T18:17:37+00:00\" \/>\n<meta name=\"twitter:card\" content=\"summary_large_image\" \/>\n<meta name=\"twitter:label1\" content=\"Tiempo de lectura\" \/>\n\t<meta name=\"twitter:data1\" content=\"2 minutos\" \/>\n<script type=\"application\/ld+json\" class=\"yoast-schema-graph\">{\"@context\":\"https:\\\/\\\/schema.org\",\"@graph\":[{\"@type\":\"WebPage\",\"@id\":\"https:\\\/\\\/www.ngmetalurgica.com.br\\\/es\\\/empresa\\\/visao-missao-e-valores\\\/\",\"url\":\"https:\\\/\\\/www.ngmetalurgica.com.br\\\/es\\\/empresa\\\/visao-missao-e-valores\\\/\",\"name\":\"Visi\u00f3n, Misi\u00f3n & Valores - NG Metal\u00fargica\",\"isPartOf\":{\"@id\":\"https:\\\/\\\/www.ngmetalurgica.com.br\\\/es\\\/#website\"},\"datePublished\":\"2017-06-05T12:09:47+00:00\",\"dateModified\":\"2020-12-11T18:17:37+00:00\",\"breadcrumb\":{\"@id\":\"https:\\\/\\\/www.ngmetalurgica.com.br\\\/es\\\/empresa\\\/visao-missao-e-valores\\\/#breadcrumb\"},\"inLanguage\":\"es\",\"potentialAction\":[{\"@type\":\"ReadAction\",\"target\":[[\"https:\\\/\\\/www.ngmetalurgica.com.br\\\/es\\\/empresa\\\/visao-missao-e-valores\\\/\"]]}]},{\"@type\":\"BreadcrumbList\",\"@id\":\"https:\\\/\\\/www.ngmetalurgica.com.br\\\/es\\\/empresa\\\/visao-missao-e-valores\\\/#breadcrumb\",\"itemListElement\":[{\"@type\":\"ListItem\",\"position\":1,\"name\":\"In\u00edcio\",\"item\":\"https:\\\/\\\/www.ngmetalurgica.com.br\\\/es\\\/\"},{\"@type\":\"ListItem\",\"position\":2,\"name\":\"Empresa\",\"item\":\"https:\\\/\\\/www.ngmetalurgica.com.br\\\/es\\\/empresa\\\/\"},{\"@type\":\"ListItem\",\"position\":3,\"name\":\"Vis\u00e3o, Miss\u00e3o e Valores\"}]},{\"@type\":\"WebSite\",\"@id\":\"https:\\\/\\\/www.ngmetalurgica.com.br\\\/es\\\/#website\",\"url\":\"https:\\\/\\\/www.ngmetalurgica.com.br\\\/es\\\/\",\"name\":\"NG Metal\u00fargica\",\"description\":\"\",\"publisher\":{\"@id\":\"https:\\\/\\\/www.ngmetalurgica.com.br\\\/es\\\/#organization\"},\"potentialAction\":[{\"@type\":\"SearchAction\",\"target\":{\"@type\":\"EntryPoint\",\"urlTemplate\":\"https:\\\/\\\/www.ngmetalurgica.com.br\\\/es\\\/?s={search_term_string}\"},\"query-input\":{\"@type\":\"PropertyValueSpecification\",\"valueRequired\":true,\"valueName\":\"search_term_string\"}}],\"inLanguage\":\"es\"},{\"@type\":\"Organization\",\"@id\":\"https:\\\/\\\/www.ngmetalurgica.com.br\\\/es\\\/#organization\",\"name\":\"NG Metal\u00fargica\",\"url\":\"https:\\\/\\\/www.ngmetalurgica.com.br\\\/es\\\/\",\"logo\":{\"@type\":\"ImageObject\",\"inLanguage\":\"es\",\"@id\":\"https:\\\/\\\/www.ngmetalurgica.com.br\\\/es\\\/#\\\/schema\\\/logo\\\/image\\\/\",\"url\":\"https:\\\/\\\/www.ngmetalurgica.com.br\\\/wp-content\\\/uploads\\\/2021\\\/04\\\/ng-vagas.png\",\"contentUrl\":\"https:\\\/\\\/www.ngmetalurgica.com.br\\\/wp-content\\\/uploads\\\/2021\\\/04\\\/ng-vagas.png\",\"width\":630,\"height\":350,\"caption\":\"NG Metal\u00fargica\"},\"image\":{\"@id\":\"https:\\\/\\\/www.ngmetalurgica.com.br\\\/es\\\/#\\\/schema\\\/logo\\\/image\\\/\"}}]}<\/script>\n<!-- \/ Yoast SEO plugin. -->","yoast_head_json":{"title":"Visi\u00f3n, Misi\u00f3n & Valores - NG Metal\u00fargica","robots":{"index":"index","follow":"follow","max-snippet":"max-snippet:-1","max-image-preview":"max-image-preview:large","max-video-preview":"max-video-preview:-1"},"canonical":"https:\/\/www.ngmetalurgica.com.br\/es\/empresa\/visao-missao-e-valores\/","og_locale":"es_ES","og_type":"article","og_title":"Visi\u00f3n, Misi\u00f3n & Valores - NG Metal\u00fargica","og_description":"Visi\u00f3n Ser una empresa de excelencia en la producci\u00f3n de equipos mec\u00e1nicos, calderas y sistemas, de destaque en los sectores de generaci\u00f3n de energ\u00eda el\u00e9ctrica y mec\u00e1nica, producci\u00f3n de etanol y petr\u00f3leo, producci\u00f3n de papel y celulosa, as\u00ed como tambi\u00e9n en las industrias de los sectores qu\u00edmico y petroqu\u00edmico respectivamente. Misi\u00f3n Producir dichos equipos y [&hellip;]","og_url":"https:\/\/www.ngmetalurgica.com.br\/es\/empresa\/visao-missao-e-valores\/","og_site_name":"NG Metal\u00fargica","article_modified_time":"2020-12-11T18:17:37+00:00","twitter_card":"summary_large_image","twitter_misc":{"Tiempo de lectura":"2 minutos"},"schema":{"@context":"https:\/\/schema.org","@graph":[{"@type":"WebPage","@id":"https:\/\/www.ngmetalurgica.com.br\/es\/empresa\/visao-missao-e-valores\/","url":"https:\/\/www.ngmetalurgica.com.br\/es\/empresa\/visao-missao-e-valores\/","name":"Visi\u00f3n, Misi\u00f3n & Valores - NG Metal\u00fargica","isPartOf":{"@id":"https:\/\/www.ngmetalurgica.com.br\/es\/#website"},"datePublished":"2017-06-05T12:09:47+00:00","dateModified":"2020-12-11T18:17:37+00:00","breadcrumb":{"@id":"https:\/\/www.ngmetalurgica.com.br\/es\/empresa\/visao-missao-e-valores\/#breadcrumb"},"inLanguage":"es","potentialAction":[{"@type":"ReadAction","target":[["https:\/\/www.ngmetalurgica.com.br\/es\/empresa\/visao-missao-e-valores\/"]]}]},{"@type":"BreadcrumbList","@id":"https:\/\/www.ngmetalurgica.com.br\/es\/empresa\/visao-missao-e-valores\/#breadcrumb","itemListElement":[{"@type":"ListItem","position":1,"name":"In\u00edcio","item":"https:\/\/www.ngmetalurgica.com.br\/es\/"},{"@type":"ListItem","position":2,"name":"Empresa","item":"https:\/\/www.ngmetalurgica.com.br\/es\/empresa\/"},{"@type":"ListItem","position":3,"name":"Vis\u00e3o, Miss\u00e3o e Valores"}]},{"@type":"WebSite","@id":"https:\/\/www.ngmetalurgica.com.br\/es\/#website","url":"https:\/\/www.ngmetalurgica.com.br\/es\/","name":"NG Metal\u00fargica","description":"","publisher":{"@id":"https:\/\/www.ngmetalurgica.com.br\/es\/#organization"},"potentialAction":[{"@type":"SearchAction","target":{"@type":"EntryPoint","urlTemplate":"https:\/\/www.ngmetalurgica.com.br\/es\/?s={search_term_string}"},"query-input":{"@type":"PropertyValueSpecification","valueRequired":true,"valueName":"search_term_string"}}],"inLanguage":"es"},{"@type":"Organization","@id":"https:\/\/www.ngmetalurgica.com.br\/es\/#organization","name":"NG Metal\u00fargica","url":"https:\/\/www.ngmetalurgica.com.br\/es\/","logo":{"@type":"ImageObject","inLanguage":"es","@id":"https:\/\/www.ngmetalurgica.com.br\/es\/#\/schema\/logo\/image\/","url":"https:\/\/www.ngmetalurgica.com.br\/wp-content\/uploads\/2021\/04\/ng-vagas.png","contentUrl":"https:\/\/www.ngmetalurgica.com.br\/wp-content\/uploads\/2021\/04\/ng-vagas.png","width":630,"height":350,"caption":"NG Metal\u00fargica"},"image":{"@id":"https:\/\/www.ngmetalurgica.com.br\/es\/#\/schema\/logo\/image\/"}}]}},"_links":{"self":[{"href":"https:\/\/www.ngmetalurgica.com.br\/es\/wp-json\/wp\/v2\/pages\/56","targetHints":{"allow":["GET"]}}],"collection":[{"href":"https:\/\/www.ngmetalurgica.com.br\/es\/wp-json\/wp\/v2\/pages"}],"about":[{"href":"https:\/\/www.ngmetalurgica.com.br\/es\/wp-json\/wp\/v2\/types\/page"}],"author":[{"embeddable":true,"href":"https:\/\/www.ngmetalurgica.com.br\/es\/wp-json\/wp\/v2\/users\/1"}],"replies":[{"embeddable":true,"href":"https:\/\/www.ngmetalurgica.com.br\/es\/wp-json\/wp\/v2\/comments?post=56"}],"version-history":[{"count":14,"href":"https:\/\/www.ngmetalurgica.com.br\/es\/wp-json\/wp\/v2\/pages\/56\/revisions"}],"predecessor-version":[{"id":3332,"href":"https:\/\/www.ngmetalurgica.com.br\/es\/wp-json\/wp\/v2\/pages\/56\/revisions\/3332"}],"up":[{"embeddable":true,"href":"https:\/\/www.ngmetalurgica.com.br\/es\/wp-json\/wp\/v2\/pages\/54"}],"wp:attachment":[{"href":"https:\/\/www.ngmetalurgica.com.br\/es\/wp-json\/wp\/v2\/media?parent=56"}],"curies":[{"name":"wp","href":"https:\/\/api.w.org\/{rel}","templated":true}]}}