{"id":3292,"date":"2020-10-08T13:14:24","date_gmt":"2020-10-08T16:14:24","guid":{"rendered":"https:\/\/www.ngmetalurgica.com.br\/?page_id=3292"},"modified":"2020-10-08T13:31:46","modified_gmt":"2020-10-08T16:31:46","slug":"canal-do-fornecedor","status":"publish","type":"page","link":"https:\/\/www.ngmetalurgica.com.br\/es\/empresa\/canal-do-fornecedor\/","title":{"rendered":"Canal Proveedor"},"content":{"rendered":"<p><\/p>\n<div class=\"table-responsive\">\n<table class=\"table table-bordered table-hover\">\n<tbody>\n<tr>\n<th class=\"primaria\" colspan=\"2\" scope=\"col\">Canal Proveedor<\/th>\n<\/tr>\n<tr>\n<th scope=\"row\">RTQ-01 Fabrica\u00e7\u00e3o de Equipamentos em Terceiros <\/th>\n<td align=\"center\"><a href=\"https:\/\/www.ngmetalurgica.com.br\/wp-content\/uploads\/2020\/10\/RTQ-01-Rev.01-Fabrica\u00e7\u00e3o-em-Terceiros.pdf\" target=\"_blank\" rel=\"noopener noreferrer\" download=\"\"><img loading=\"lazy\" decoding=\"async\" class=\"sem-borda sem-margem sem-padding\" src=\"http:\/\/www.ngmetalurgica.com.br\/wp-content\/uploads\/2017\/06\/pdf.gif\" alt=\"\" width=\"39\" height=\"34\" \/><\/a><\/td>\n<\/tr>\n<tr>\n<th scope=\"row\">RTQ-03 Inspe\u00e7\u00e3o de Equipamentos em Terceiros<\/th>\n<td align=\"center\"><a href=\"https:\/\/www.ngmetalurgica.com.br\/wp-content\/uploads\/2020\/10\/RTQ-03-Rev.00-Inspe\u00e7\u00e3o-de-Equipamentos-em-Terceiros.pdf\" target=\"_blank\" rel=\"noopener noreferrer\" download=\"\"><img loading=\"lazy\" decoding=\"async\" class=\"sem-borda sem-margem sem-padding\" src=\"http:\/\/www.ngmetalurgica.com.br\/wp-content\/uploads\/2017\/06\/pdf.gif\" alt=\"\" width=\"39\" height=\"34\" \/><\/a><\/td>\n<\/tr>\n<tr>\n<th scope=\"row\">RTQ-04 Inspe\u00e7\u00e3o de Componentes Cr\u00edticos em Fornecedores<\/th>\n<td align=\"center\"><a href=\"https:\/\/www.ngmetalurgica.com.br\/wp-content\/uploads\/2020\/10\/RTQ-04-Rev.00-Inspe\u00e7\u00e3o-de-Componentes-Cr\u00edticos-em-Fornecedores.pdf\" target=\"_blank\" rel=\"noopener noreferrer\" download=\"\"><img loading=\"lazy\" decoding=\"async\" class=\"sem-borda sem-margem sem-padding\" src=\"http:\/\/www.ngmetalurgica.com.br\/wp-content\/uploads\/2017\/06\/pdf.gif\" alt=\"\" width=\"39\" height=\"34\" \/><\/a><\/td>\n<\/tr>\n<tr>\n<th scope=\"row\">IST-7.5.1-5 Requisitos de SMS para Prestadores de Servi\u00e7o em Obras<\/th>\n<td align=\"center\"><a href=\"https:\/\/www.ngmetalurgica.com.br\/wp-content\/uploads\/2020\/10\/IS-7.5.1-5-Requisitos-de-SMS-para-Prestadores-de-Servi\u00e7o-em-Obras-Rev.00-01.04.2014.pdf\" target=\"_blank\" rel=\"noopener noreferrer\" download=\"\"><img loading=\"lazy\" decoding=\"async\" class=\"sem-borda sem-margem sem-padding\" src=\"http:\/\/www.ngmetalurgica.com.br\/wp-content\/uploads\/2017\/06\/pdf.gif\" alt=\"\" width=\"39\" height=\"34\" \/><\/a><\/td>\n<\/tr>\n<tr>\n<th scope=\"row\">PST-07 Requisitos de SMS para Prestadores de Servi\u00e7o<\/th>\n<td align=\"center\"><a href=\"https:\/\/www.ngmetalurgica.com.br\/wp-content\/uploads\/2020\/10\/PST-07-Requisitos-de-SMS-para-Prestadores-de-Servi\u00e7o-Rev.00.pdf\" target=\"_blank\" rel=\"noopener noreferrer\" download=\"\"><img loading=\"lazy\" decoding=\"async\" class=\"sem-borda sem-margem sem-padding\" src=\"http:\/\/www.ngmetalurgica.com.br\/wp-content\/uploads\/2017\/06\/pdf.gif\" alt=\"\" width=\"39\" height=\"34\" \/><\/a><\/td>\n<\/tr>\n<\/tbody>\n<\/table>\n<\/div>\n<p><\/p>","protected":false},"excerpt":{"rendered":"<p>Canal Proveedor RTQ-01 Fabrica\u00e7\u00e3o de Equipamentos em Terceiros RTQ-03 Inspe\u00e7\u00e3o de Equipamentos em Terceiros RTQ-04 Inspe\u00e7\u00e3o de Componentes Cr\u00edticos em Fornecedores IST-7.5.1-5 Requisitos de SMS para Prestadores de Servi\u00e7o em Obras PST-07 Requisitos de SMS para Prestadores de Servi\u00e7o<\/p>\n","protected":false},"author":1,"featured_media":0,"parent":54,"menu_order":4,"comment_status":"closed","ping_status":"closed","template":"","meta":{"_acf_changed":false,"footnotes":""},"class_list":["post-3292","page","type-page","status-publish","hentry"],"acf":[],"yoast_head":"<!-- This site is optimized with the Yoast SEO plugin v27.4 - https:\/\/yoast.com\/product\/yoast-seo-wordpress\/ -->\n<title>Canal Proveedor - NG Metal\u00fargica<\/title>\n<meta name=\"robots\" content=\"index, follow, max-snippet:-1, max-image-preview:large, max-video-preview:-1\" \/>\n<link rel=\"canonical\" href=\"https:\/\/www.ngmetalurgica.com.br\/es\/empresa\/canal-do-fornecedor\/\" \/>\n<meta property=\"og:locale\" content=\"es_ES\" \/>\n<meta property=\"og:type\" content=\"article\" \/>\n<meta property=\"og:title\" content=\"Canal Proveedor - NG Metal\u00fargica\" \/>\n<meta property=\"og:description\" content=\"Canal Proveedor RTQ-01 Fabrica\u00e7\u00e3o de Equipamentos em Terceiros RTQ-03 Inspe\u00e7\u00e3o de Equipamentos em Terceiros RTQ-04 Inspe\u00e7\u00e3o de Componentes Cr\u00edticos em Fornecedores IST-7.5.1-5 Requisitos de SMS para Prestadores de Servi\u00e7o em Obras PST-07 Requisitos de SMS para Prestadores de Servi\u00e7o\" \/>\n<meta property=\"og:url\" content=\"https:\/\/www.ngmetalurgica.com.br\/es\/empresa\/canal-do-fornecedor\/\" \/>\n<meta property=\"og:site_name\" content=\"NG Metal\u00fargica\" \/>\n<meta property=\"article:modified_time\" content=\"2020-10-08T16:31:46+00:00\" \/>\n<meta property=\"og:image\" content=\"http:\/\/www.ngmetalurgica.com.br\/wp-content\/uploads\/2017\/06\/pdf.gif\" \/>\n<meta name=\"twitter:card\" content=\"summary_large_image\" \/>\n<meta name=\"twitter:label1\" content=\"Tiempo de lectura\" \/>\n\t<meta name=\"twitter:data1\" content=\"1 minuto\" \/>\n<script type=\"application\/ld+json\" class=\"yoast-schema-graph\">{\"@context\":\"https:\\\/\\\/schema.org\",\"@graph\":[{\"@type\":\"WebPage\",\"@id\":\"https:\\\/\\\/www.ngmetalurgica.com.br\\\/es\\\/empresa\\\/canal-do-fornecedor\\\/\",\"url\":\"https:\\\/\\\/www.ngmetalurgica.com.br\\\/es\\\/empresa\\\/canal-do-fornecedor\\\/\",\"name\":\"Canal Proveedor - NG Metal\u00fargica\",\"isPartOf\":{\"@id\":\"https:\\\/\\\/www.ngmetalurgica.com.br\\\/es\\\/#website\"},\"primaryImageOfPage\":{\"@id\":\"https:\\\/\\\/www.ngmetalurgica.com.br\\\/es\\\/empresa\\\/canal-do-fornecedor\\\/#primaryimage\"},\"image\":{\"@id\":\"https:\\\/\\\/www.ngmetalurgica.com.br\\\/empresa\\\/canal-do-fornecedor\\\/#primaryimage\"},\"thumbnailUrl\":\"http:\\\/\\\/www.ngmetalurgica.com.br\\\/wp-content\\\/uploads\\\/2017\\\/06\\\/pdf.gif\",\"datePublished\":\"2020-10-08T16:14:24+00:00\",\"dateModified\":\"2020-10-08T16:31:46+00:00\",\"breadcrumb\":{\"@id\":\"https:\\\/\\\/www.ngmetalurgica.com.br\\\/es\\\/empresa\\\/canal-do-fornecedor\\\/#breadcrumb\"},\"inLanguage\":\"es\",\"potentialAction\":[{\"@type\":\"ReadAction\",\"target\":[[\"https:\\\/\\\/www.ngmetalurgica.com.br\\\/es\\\/empresa\\\/canal-do-fornecedor\\\/\"]]}]},{\"@type\":\"ImageObject\",\"inLanguage\":\"es\",\"@id\":\"https:\\\/\\\/www.ngmetalurgica.com.br\\\/es\\\/empresa\\\/canal-do-fornecedor\\\/#primaryimage\",\"url\":\"http:\\\/\\\/www.ngmetalurgica.com.br\\\/wp-content\\\/uploads\\\/2017\\\/06\\\/pdf.gif\",\"contentUrl\":\"http:\\\/\\\/www.ngmetalurgica.com.br\\\/wp-content\\\/uploads\\\/2017\\\/06\\\/pdf.gif\"},{\"@type\":\"BreadcrumbList\",\"@id\":\"https:\\\/\\\/www.ngmetalurgica.com.br\\\/es\\\/empresa\\\/canal-do-fornecedor\\\/#breadcrumb\",\"itemListElement\":[{\"@type\":\"ListItem\",\"position\":1,\"name\":\"In\u00edcio\",\"item\":\"https:\\\/\\\/www.ngmetalurgica.com.br\\\/es\\\/\"},{\"@type\":\"ListItem\",\"position\":2,\"name\":\"Empresa\",\"item\":\"https:\\\/\\\/www.ngmetalurgica.com.br\\\/es\\\/empresa\\\/\"},{\"@type\":\"ListItem\",\"position\":3,\"name\":\"Canal do Fornecedor\"}]},{\"@type\":\"WebSite\",\"@id\":\"https:\\\/\\\/www.ngmetalurgica.com.br\\\/es\\\/#website\",\"url\":\"https:\\\/\\\/www.ngmetalurgica.com.br\\\/es\\\/\",\"name\":\"NG Metal\u00fargica\",\"description\":\"\",\"publisher\":{\"@id\":\"https:\\\/\\\/www.ngmetalurgica.com.br\\\/es\\\/#organization\"},\"potentialAction\":[{\"@type\":\"SearchAction\",\"target\":{\"@type\":\"EntryPoint\",\"urlTemplate\":\"https:\\\/\\\/www.ngmetalurgica.com.br\\\/es\\\/?s={search_term_string}\"},\"query-input\":{\"@type\":\"PropertyValueSpecification\",\"valueRequired\":true,\"valueName\":\"search_term_string\"}}],\"inLanguage\":\"es\"},{\"@type\":\"Organization\",\"@id\":\"https:\\\/\\\/www.ngmetalurgica.com.br\\\/es\\\/#organization\",\"name\":\"NG Metal\u00fargica\",\"url\":\"https:\\\/\\\/www.ngmetalurgica.com.br\\\/es\\\/\",\"logo\":{\"@type\":\"ImageObject\",\"inLanguage\":\"es\",\"@id\":\"https:\\\/\\\/www.ngmetalurgica.com.br\\\/es\\\/#\\\/schema\\\/logo\\\/image\\\/\",\"url\":\"https:\\\/\\\/www.ngmetalurgica.com.br\\\/wp-content\\\/uploads\\\/2021\\\/04\\\/ng-vagas.png\",\"contentUrl\":\"https:\\\/\\\/www.ngmetalurgica.com.br\\\/wp-content\\\/uploads\\\/2021\\\/04\\\/ng-vagas.png\",\"width\":630,\"height\":350,\"caption\":\"NG Metal\u00fargica\"},\"image\":{\"@id\":\"https:\\\/\\\/www.ngmetalurgica.com.br\\\/es\\\/#\\\/schema\\\/logo\\\/image\\\/\"}}]}<\/script>\n<!-- \/ Yoast SEO plugin. -->","yoast_head_json":{"title":"Canal Proveedor - NG Metal\u00fargica","robots":{"index":"index","follow":"follow","max-snippet":"max-snippet:-1","max-image-preview":"max-image-preview:large","max-video-preview":"max-video-preview:-1"},"canonical":"https:\/\/www.ngmetalurgica.com.br\/es\/empresa\/canal-do-fornecedor\/","og_locale":"es_ES","og_type":"article","og_title":"Canal Proveedor - NG Metal\u00fargica","og_description":"Canal Proveedor RTQ-01 Fabrica\u00e7\u00e3o de Equipamentos em Terceiros RTQ-03 Inspe\u00e7\u00e3o de Equipamentos em Terceiros RTQ-04 Inspe\u00e7\u00e3o de Componentes Cr\u00edticos em Fornecedores IST-7.5.1-5 Requisitos de SMS para Prestadores de Servi\u00e7o em Obras PST-07 Requisitos de SMS para Prestadores de Servi\u00e7o","og_url":"https:\/\/www.ngmetalurgica.com.br\/es\/empresa\/canal-do-fornecedor\/","og_site_name":"NG Metal\u00fargica","article_modified_time":"2020-10-08T16:31:46+00:00","og_image":[{"url":"http:\/\/www.ngmetalurgica.com.br\/wp-content\/uploads\/2017\/06\/pdf.gif","type":"","width":"","height":""}],"twitter_card":"summary_large_image","twitter_misc":{"Tiempo de lectura":"1 minuto"},"schema":{"@context":"https:\/\/schema.org","@graph":[{"@type":"WebPage","@id":"https:\/\/www.ngmetalurgica.com.br\/es\/empresa\/canal-do-fornecedor\/","url":"https:\/\/www.ngmetalurgica.com.br\/es\/empresa\/canal-do-fornecedor\/","name":"Canal Proveedor - NG Metal\u00fargica","isPartOf":{"@id":"https:\/\/www.ngmetalurgica.com.br\/es\/#website"},"primaryImageOfPage":{"@id":"https:\/\/www.ngmetalurgica.com.br\/es\/empresa\/canal-do-fornecedor\/#primaryimage"},"image":{"@id":"https:\/\/www.ngmetalurgica.com.br\/empresa\/canal-do-fornecedor\/#primaryimage"},"thumbnailUrl":"http:\/\/www.ngmetalurgica.com.br\/wp-content\/uploads\/2017\/06\/pdf.gif","datePublished":"2020-10-08T16:14:24+00:00","dateModified":"2020-10-08T16:31:46+00:00","breadcrumb":{"@id":"https:\/\/www.ngmetalurgica.com.br\/es\/empresa\/canal-do-fornecedor\/#breadcrumb"},"inLanguage":"es","potentialAction":[{"@type":"ReadAction","target":[["https:\/\/www.ngmetalurgica.com.br\/es\/empresa\/canal-do-fornecedor\/"]]}]},{"@type":"ImageObject","inLanguage":"es","@id":"https:\/\/www.ngmetalurgica.com.br\/es\/empresa\/canal-do-fornecedor\/#primaryimage","url":"http:\/\/www.ngmetalurgica.com.br\/wp-content\/uploads\/2017\/06\/pdf.gif","contentUrl":"http:\/\/www.ngmetalurgica.com.br\/wp-content\/uploads\/2017\/06\/pdf.gif"},{"@type":"BreadcrumbList","@id":"https:\/\/www.ngmetalurgica.com.br\/es\/empresa\/canal-do-fornecedor\/#breadcrumb","itemListElement":[{"@type":"ListItem","position":1,"name":"In\u00edcio","item":"https:\/\/www.ngmetalurgica.com.br\/es\/"},{"@type":"ListItem","position":2,"name":"Empresa","item":"https:\/\/www.ngmetalurgica.com.br\/es\/empresa\/"},{"@type":"ListItem","position":3,"name":"Canal do Fornecedor"}]},{"@type":"WebSite","@id":"https:\/\/www.ngmetalurgica.com.br\/es\/#website","url":"https:\/\/www.ngmetalurgica.com.br\/es\/","name":"NG Metal\u00fargica","description":"","publisher":{"@id":"https:\/\/www.ngmetalurgica.com.br\/es\/#organization"},"potentialAction":[{"@type":"SearchAction","target":{"@type":"EntryPoint","urlTemplate":"https:\/\/www.ngmetalurgica.com.br\/es\/?s={search_term_string}"},"query-input":{"@type":"PropertyValueSpecification","valueRequired":true,"valueName":"search_term_string"}}],"inLanguage":"es"},{"@type":"Organization","@id":"https:\/\/www.ngmetalurgica.com.br\/es\/#organization","name":"NG Metal\u00fargica","url":"https:\/\/www.ngmetalurgica.com.br\/es\/","logo":{"@type":"ImageObject","inLanguage":"es","@id":"https:\/\/www.ngmetalurgica.com.br\/es\/#\/schema\/logo\/image\/","url":"https:\/\/www.ngmetalurgica.com.br\/wp-content\/uploads\/2021\/04\/ng-vagas.png","contentUrl":"https:\/\/www.ngmetalurgica.com.br\/wp-content\/uploads\/2021\/04\/ng-vagas.png","width":630,"height":350,"caption":"NG Metal\u00fargica"},"image":{"@id":"https:\/\/www.ngmetalurgica.com.br\/es\/#\/schema\/logo\/image\/"}}]}},"_links":{"self":[{"href":"https:\/\/www.ngmetalurgica.com.br\/es\/wp-json\/wp\/v2\/pages\/3292","targetHints":{"allow":["GET"]}}],"collection":[{"href":"https:\/\/www.ngmetalurgica.com.br\/es\/wp-json\/wp\/v2\/pages"}],"about":[{"href":"https:\/\/www.ngmetalurgica.com.br\/es\/wp-json\/wp\/v2\/types\/page"}],"author":[{"embeddable":true,"href":"https:\/\/www.ngmetalurgica.com.br\/es\/wp-json\/wp\/v2\/users\/1"}],"replies":[{"embeddable":true,"href":"https:\/\/www.ngmetalurgica.com.br\/es\/wp-json\/wp\/v2\/comments?post=3292"}],"version-history":[{"count":3,"href":"https:\/\/www.ngmetalurgica.com.br\/es\/wp-json\/wp\/v2\/pages\/3292\/revisions"}],"predecessor-version":[{"id":3300,"href":"https:\/\/www.ngmetalurgica.com.br\/es\/wp-json\/wp\/v2\/pages\/3292\/revisions\/3300"}],"up":[{"embeddable":true,"href":"https:\/\/www.ngmetalurgica.com.br\/es\/wp-json\/wp\/v2\/pages\/54"}],"wp:attachment":[{"href":"https:\/\/www.ngmetalurgica.com.br\/es\/wp-json\/wp\/v2\/media?parent=3292"}],"curies":[{"name":"wp","href":"https:\/\/api.w.org\/{rel}","templated":true}]}}