{"id":3659,"date":"2025-04-04T10:08:28","date_gmt":"2025-04-04T13:08:28","guid":{"rendered":"https:\/\/www.ngmetalurgica.com.br\/?page_id=3659"},"modified":"2026-04-08T08:22:51","modified_gmt":"2026-04-08T11:22:51","slug":"transparencia-salarial","status":"publish","type":"page","link":"https:\/\/www.ngmetalurgica.com.br\/en\/transparencia-salarial\/","title":{"rendered":"(Portugu\u00eas do Brasil) Divulga\u00e7\u00e3o do Relat\u00f3rio de Transpar\u00eancia Salarial"},"content":{"rendered":"<p class=\"qtranxs-available-languages-message qtranxs-available-languages-message-en\">Sorry, this entry is only available in <a href=\"https:\/\/www.ngmetalurgica.com.br\/pb\/wp-json\/wp\/v2\/pages\/3659\" class=\"qtranxs-available-language-link qtranxs-available-language-link-pb\" title=\"Portugu\u00eas do Brasil\">Portugu\u00eas do Brasil<\/a>.<\/p>","protected":false},"excerpt":{"rendered":"<p>Sorry, this entry is only available in Portugu\u00eas do Brasil.<\/p>\n","protected":false},"author":1,"featured_media":0,"parent":0,"menu_order":0,"comment_status":"closed","ping_status":"closed","template":"","meta":{"_acf_changed":false,"footnotes":""},"class_list":["post-3659","page","type-page","status-publish","hentry"],"acf":[],"yoast_head":"<!-- This site is optimized with the Yoast SEO plugin v27.4 - https:\/\/yoast.com\/product\/yoast-seo-wordpress\/ -->\n<title>(Portugu\u00eas do Brasil) Divulga\u00e7\u00e3o do Relat\u00f3rio de Transpar\u00eancia Salarial - NG Metal\u00fargica<\/title>\n<meta name=\"robots\" content=\"index, follow, max-snippet:-1, max-image-preview:large, max-video-preview:-1\" \/>\n<link rel=\"canonical\" href=\"https:\/\/www.ngmetalurgica.com.br\/en\/transparencia-salarial\/\" \/>\n<meta property=\"og:locale\" content=\"en_US\" \/>\n<meta property=\"og:type\" content=\"article\" \/>\n<meta property=\"og:title\" content=\"(Portugu\u00eas do Brasil) Divulga\u00e7\u00e3o do Relat\u00f3rio de Transpar\u00eancia Salarial - NG Metal\u00fargica\" \/>\n<meta property=\"og:description\" content=\"Sorry, this entry is only available in Portugu\u00eas do Brasil.\" \/>\n<meta property=\"og:url\" content=\"https:\/\/www.ngmetalurgica.com.br\/en\/transparencia-salarial\/\" \/>\n<meta property=\"og:site_name\" content=\"NG Metal\u00fargica\" \/>\n<meta property=\"article:modified_time\" content=\"2026-04-08T11:22:51+00:00\" \/>\n<meta property=\"og:image\" content=\"http:\/\/www.ngmetalurgica.com.br\/wp-content\/uploads\/2017\/06\/pdf.gif\" \/>\n<meta name=\"twitter:card\" content=\"summary_large_image\" \/>\n<meta name=\"twitter:label1\" content=\"Est. reading time\" \/>\n\t<meta name=\"twitter:data1\" content=\"2 minutes\" \/>\n<script type=\"application\/ld+json\" class=\"yoast-schema-graph\">{\"@context\":\"https:\\\/\\\/schema.org\",\"@graph\":[{\"@type\":\"WebPage\",\"@id\":\"https:\\\/\\\/www.ngmetalurgica.com.br\\\/en\\\/transparencia-salarial\\\/\",\"url\":\"https:\\\/\\\/www.ngmetalurgica.com.br\\\/en\\\/transparencia-salarial\\\/\",\"name\":\"(Portugu\u00eas do Brasil) Divulga\u00e7\u00e3o do Relat\u00f3rio de Transpar\u00eancia Salarial - NG Metal\u00fargica\",\"isPartOf\":{\"@id\":\"https:\\\/\\\/www.ngmetalurgica.com.br\\\/en\\\/#website\"},\"primaryImageOfPage\":{\"@id\":\"https:\\\/\\\/www.ngmetalurgica.com.br\\\/en\\\/transparencia-salarial\\\/#primaryimage\"},\"image\":{\"@id\":\"https:\\\/\\\/www.ngmetalurgica.com.br\\\/transparencia-salarial\\\/#primaryimage\"},\"thumbnailUrl\":\"http:\\\/\\\/www.ngmetalurgica.com.br\\\/wp-content\\\/uploads\\\/2017\\\/06\\\/pdf.gif\",\"datePublished\":\"2025-04-04T13:08:28+00:00\",\"dateModified\":\"2026-04-08T11:22:51+00:00\",\"breadcrumb\":{\"@id\":\"https:\\\/\\\/www.ngmetalurgica.com.br\\\/en\\\/transparencia-salarial\\\/#breadcrumb\"},\"inLanguage\":\"en-US\",\"potentialAction\":[{\"@type\":\"ReadAction\",\"target\":[[\"https:\\\/\\\/www.ngmetalurgica.com.br\\\/en\\\/transparencia-salarial\\\/\"]]}]},{\"@type\":\"ImageObject\",\"inLanguage\":\"en-US\",\"@id\":\"https:\\\/\\\/www.ngmetalurgica.com.br\\\/en\\\/transparencia-salarial\\\/#primaryimage\",\"url\":\"http:\\\/\\\/www.ngmetalurgica.com.br\\\/wp-content\\\/uploads\\\/2017\\\/06\\\/pdf.gif\",\"contentUrl\":\"http:\\\/\\\/www.ngmetalurgica.com.br\\\/wp-content\\\/uploads\\\/2017\\\/06\\\/pdf.gif\"},{\"@type\":\"BreadcrumbList\",\"@id\":\"https:\\\/\\\/www.ngmetalurgica.com.br\\\/en\\\/transparencia-salarial\\\/#breadcrumb\",\"itemListElement\":[{\"@type\":\"ListItem\",\"position\":1,\"name\":\"In\u00edcio\",\"item\":\"https:\\\/\\\/www.ngmetalurgica.com.br\\\/en\\\/\"},{\"@type\":\"ListItem\",\"position\":2,\"name\":\"Divulga\u00e7\u00e3o do Relat\u00f3rio de Transpar\u00eancia Salarial\"}]},{\"@type\":\"WebSite\",\"@id\":\"https:\\\/\\\/www.ngmetalurgica.com.br\\\/en\\\/#website\",\"url\":\"https:\\\/\\\/www.ngmetalurgica.com.br\\\/en\\\/\",\"name\":\"NG Metal\u00fargica\",\"description\":\"\",\"publisher\":{\"@id\":\"https:\\\/\\\/www.ngmetalurgica.com.br\\\/en\\\/#organization\"},\"potentialAction\":[{\"@type\":\"SearchAction\",\"target\":{\"@type\":\"EntryPoint\",\"urlTemplate\":\"https:\\\/\\\/www.ngmetalurgica.com.br\\\/en\\\/?s={search_term_string}\"},\"query-input\":{\"@type\":\"PropertyValueSpecification\",\"valueRequired\":true,\"valueName\":\"search_term_string\"}}],\"inLanguage\":\"en-US\"},{\"@type\":\"Organization\",\"@id\":\"https:\\\/\\\/www.ngmetalurgica.com.br\\\/en\\\/#organization\",\"name\":\"NG Metal\u00fargica\",\"url\":\"https:\\\/\\\/www.ngmetalurgica.com.br\\\/en\\\/\",\"logo\":{\"@type\":\"ImageObject\",\"inLanguage\":\"en-US\",\"@id\":\"https:\\\/\\\/www.ngmetalurgica.com.br\\\/en\\\/#\\\/schema\\\/logo\\\/image\\\/\",\"url\":\"https:\\\/\\\/www.ngmetalurgica.com.br\\\/wp-content\\\/uploads\\\/2021\\\/04\\\/ng-vagas.png\",\"contentUrl\":\"https:\\\/\\\/www.ngmetalurgica.com.br\\\/wp-content\\\/uploads\\\/2021\\\/04\\\/ng-vagas.png\",\"width\":630,\"height\":350,\"caption\":\"NG Metal\u00fargica\"},\"image\":{\"@id\":\"https:\\\/\\\/www.ngmetalurgica.com.br\\\/en\\\/#\\\/schema\\\/logo\\\/image\\\/\"}}]}<\/script>\n<!-- \/ Yoast SEO plugin. -->","yoast_head_json":{"title":"(Portugu\u00eas do Brasil) Divulga\u00e7\u00e3o do Relat\u00f3rio de Transpar\u00eancia Salarial - NG Metal\u00fargica","robots":{"index":"index","follow":"follow","max-snippet":"max-snippet:-1","max-image-preview":"max-image-preview:large","max-video-preview":"max-video-preview:-1"},"canonical":"https:\/\/www.ngmetalurgica.com.br\/en\/transparencia-salarial\/","og_locale":"en_US","og_type":"article","og_title":"(Portugu\u00eas do Brasil) Divulga\u00e7\u00e3o do Relat\u00f3rio de Transpar\u00eancia Salarial - NG Metal\u00fargica","og_description":"Sorry, this entry is only available in Portugu\u00eas do Brasil.","og_url":"https:\/\/www.ngmetalurgica.com.br\/en\/transparencia-salarial\/","og_site_name":"NG Metal\u00fargica","article_modified_time":"2026-04-08T11:22:51+00:00","og_image":[{"url":"http:\/\/www.ngmetalurgica.com.br\/wp-content\/uploads\/2017\/06\/pdf.gif","type":"","width":"","height":""}],"twitter_card":"summary_large_image","twitter_misc":{"Est. reading time":"2 minutes"},"schema":{"@context":"https:\/\/schema.org","@graph":[{"@type":"WebPage","@id":"https:\/\/www.ngmetalurgica.com.br\/en\/transparencia-salarial\/","url":"https:\/\/www.ngmetalurgica.com.br\/en\/transparencia-salarial\/","name":"(Portugu\u00eas do Brasil) Divulga\u00e7\u00e3o do Relat\u00f3rio de Transpar\u00eancia Salarial - NG Metal\u00fargica","isPartOf":{"@id":"https:\/\/www.ngmetalurgica.com.br\/en\/#website"},"primaryImageOfPage":{"@id":"https:\/\/www.ngmetalurgica.com.br\/en\/transparencia-salarial\/#primaryimage"},"image":{"@id":"https:\/\/www.ngmetalurgica.com.br\/transparencia-salarial\/#primaryimage"},"thumbnailUrl":"http:\/\/www.ngmetalurgica.com.br\/wp-content\/uploads\/2017\/06\/pdf.gif","datePublished":"2025-04-04T13:08:28+00:00","dateModified":"2026-04-08T11:22:51+00:00","breadcrumb":{"@id":"https:\/\/www.ngmetalurgica.com.br\/en\/transparencia-salarial\/#breadcrumb"},"inLanguage":"en-US","potentialAction":[{"@type":"ReadAction","target":[["https:\/\/www.ngmetalurgica.com.br\/en\/transparencia-salarial\/"]]}]},{"@type":"ImageObject","inLanguage":"en-US","@id":"https:\/\/www.ngmetalurgica.com.br\/en\/transparencia-salarial\/#primaryimage","url":"http:\/\/www.ngmetalurgica.com.br\/wp-content\/uploads\/2017\/06\/pdf.gif","contentUrl":"http:\/\/www.ngmetalurgica.com.br\/wp-content\/uploads\/2017\/06\/pdf.gif"},{"@type":"BreadcrumbList","@id":"https:\/\/www.ngmetalurgica.com.br\/en\/transparencia-salarial\/#breadcrumb","itemListElement":[{"@type":"ListItem","position":1,"name":"In\u00edcio","item":"https:\/\/www.ngmetalurgica.com.br\/en\/"},{"@type":"ListItem","position":2,"name":"Divulga\u00e7\u00e3o do Relat\u00f3rio de Transpar\u00eancia Salarial"}]},{"@type":"WebSite","@id":"https:\/\/www.ngmetalurgica.com.br\/en\/#website","url":"https:\/\/www.ngmetalurgica.com.br\/en\/","name":"NG Metal\u00fargica","description":"","publisher":{"@id":"https:\/\/www.ngmetalurgica.com.br\/en\/#organization"},"potentialAction":[{"@type":"SearchAction","target":{"@type":"EntryPoint","urlTemplate":"https:\/\/www.ngmetalurgica.com.br\/en\/?s={search_term_string}"},"query-input":{"@type":"PropertyValueSpecification","valueRequired":true,"valueName":"search_term_string"}}],"inLanguage":"en-US"},{"@type":"Organization","@id":"https:\/\/www.ngmetalurgica.com.br\/en\/#organization","name":"NG Metal\u00fargica","url":"https:\/\/www.ngmetalurgica.com.br\/en\/","logo":{"@type":"ImageObject","inLanguage":"en-US","@id":"https:\/\/www.ngmetalurgica.com.br\/en\/#\/schema\/logo\/image\/","url":"https:\/\/www.ngmetalurgica.com.br\/wp-content\/uploads\/2021\/04\/ng-vagas.png","contentUrl":"https:\/\/www.ngmetalurgica.com.br\/wp-content\/uploads\/2021\/04\/ng-vagas.png","width":630,"height":350,"caption":"NG Metal\u00fargica"},"image":{"@id":"https:\/\/www.ngmetalurgica.com.br\/en\/#\/schema\/logo\/image\/"}}]}},"_links":{"self":[{"href":"https:\/\/www.ngmetalurgica.com.br\/en\/wp-json\/wp\/v2\/pages\/3659","targetHints":{"allow":["GET"]}}],"collection":[{"href":"https:\/\/www.ngmetalurgica.com.br\/en\/wp-json\/wp\/v2\/pages"}],"about":[{"href":"https:\/\/www.ngmetalurgica.com.br\/en\/wp-json\/wp\/v2\/types\/page"}],"author":[{"embeddable":true,"href":"https:\/\/www.ngmetalurgica.com.br\/en\/wp-json\/wp\/v2\/users\/1"}],"replies":[{"embeddable":true,"href":"https:\/\/www.ngmetalurgica.com.br\/en\/wp-json\/wp\/v2\/comments?post=3659"}],"version-history":[{"count":11,"href":"https:\/\/www.ngmetalurgica.com.br\/en\/wp-json\/wp\/v2\/pages\/3659\/revisions"}],"predecessor-version":[{"id":3765,"href":"https:\/\/www.ngmetalurgica.com.br\/en\/wp-json\/wp\/v2\/pages\/3659\/revisions\/3765"}],"wp:attachment":[{"href":"https:\/\/www.ngmetalurgica.com.br\/en\/wp-json\/wp\/v2\/media?parent=3659"}],"curies":[{"name":"wp","href":"https:\/\/api.w.org\/{rel}","templated":true}]}}