{"id":1627,"date":"2017-07-20T10:14:56","date_gmt":"2017-07-20T13:14:56","guid":{"rendered":"http:\/\/www.ngmetalurgica.com.br\/?page_id=1627"},"modified":"2023-07-19T10:25:27","modified_gmt":"2023-07-19T13:25:27","slug":"codigo-de-etica","status":"publish","type":"page","link":"https:\/\/www.ngmetalurgica.com.br\/en\/empresa\/codigo-de-etica\/","title":{"rendered":"Ethical code of conduct"},"content":{"rendered":"<p><\/p>\n<h2><strong><span style=\"color: #04448c;\">Valores fundamentais para os nossos neg\u00f3cios<\/span><\/strong><\/h2>\n<p>&nbsp;<\/p>\n<p>O C\u00f3digo de \u00c9tica \u00e9 um documento por meio do qual a NG e seus colaboradores reafirmam o compromisso com a vis\u00e3o, miss\u00e3o e valores que consideram essenciais para a exist\u00eancia e continuidade dos neg\u00f3cios.<\/p>\n<p>Gra\u00e7as a uma determina\u00e7\u00e3o de trabalho baseada na conduta \u00e9tica de todos os envolvidos em nossa vida empresarial \u2013 colaboradores, fornecedores, clientes, acionistas e comunidade, temos alcan\u00e7ado robusto crescimento nos \u00faltimos anos, reconhecido pelo mercado em todos os setores em que atuamos.<\/p>\n<p>A continuidade desse desempenho e sucesso depende estritamente de n\u00f3s e deve ser regida por princ\u00edpios \u00e9ticos essenciais, com transpar\u00eancia nas nossas a\u00e7\u00f5es e confian\u00e7a entre as pessoas, dentro da nossa empresa ou fora dela.<\/p>\n<p>Somente assim permaneceremos no mercado e criaremos mais valor para a nossa empresa e todos os correlacionados a ela.<\/p>\n<p style=\"text-align: right;\"><em><strong>Jo\u00e3o Marcos Gobbin &#8211; Diretor Presidente<\/strong>\u00a0<\/em><\/p>\n<hr \/>\n<p><!-- <strong>Clique na imagem para visualizar nosso C\u00f3digo de \u00c9tica<\/strong>\n\n<a href=\"https:\/\/www.ngmetalurgica.com.br\/wp-content\/uploads\/2021\/02\/04_ng_SOU-NG_Cartaz-A3_online.pdf\"><img loading=\"lazy\" decoding=\"async\" class=\"size-thumbnail wp-image-1628 alignleft\" src=\"http:\/\/www.ngmetalurgica.com.br\/wp-content\/uploads\/2017\/07\/logo-codigo-etica-150x150.jpg\" alt=\"\" width=\"150\" height=\"150\" srcset=\"https:\/\/www.ngmetalurgica.com.br\/wp-content\/uploads\/2017\/07\/logo-codigo-etica-150x150.jpg 150w, https:\/\/www.ngmetalurgica.com.br\/wp-content\/uploads\/2017\/07\/logo-codigo-etica-300x300.jpg 300w, https:\/\/www.ngmetalurgica.com.br\/wp-content\/uploads\/2017\/07\/logo-codigo-etica-768x768.jpg 768w, https:\/\/www.ngmetalurgica.com.br\/wp-content\/uploads\/2017\/07\/logo-codigo-etica-1024x1024.jpg 1024w, https:\/\/www.ngmetalurgica.com.br\/wp-content\/uploads\/2017\/07\/logo-codigo-etica-178x178.jpg 178w, https:\/\/www.ngmetalurgica.com.br\/wp-content\/uploads\/2017\/07\/logo-codigo-etica.jpg 1920w\" sizes=\"auto, (max-width: 150px) 100vw, 150px\" \/><\/a> --><\/p>\n<div class=\"box_arquivo\">\n<div class=\"nome_arq\">\n<h2>Ethical code of conduct<\/h2>\n<\/div>\n<div class=\"arq_frame\">\n<div class=\"ead-preview\"><div class=\"ead-document\" style=\"position: relative;padding-top: 90%;\"><div class=\"ead-iframe-wrapper\"><iframe src=\"\/\/docs.google.com\/viewer?url=https%3A%2F%2Fwww.ngmetalurgica.com.br%2Fwp-content%2Fuploads%2F2021%2F12%2F68835-Codigo-de-Conduta-Etica-2021.pdf&amp;embedded=true&amp;hl=en\" title=\"Embedded Document\" class=\"ead-iframe\" style=\"width: 100%;height: 100%;border: none;position: absolute;left: 0;top: 0;visibility: hidden;\"><\/iframe><\/div>\t\t\t<div class=\"ead-document-loading\" style=\"width:100%;height:100%;position:absolute;left:0;top:0;z-index:10;\">\n\t\t\t\t<div class=\"ead-loading-wrap\">\n\t\t\t\t\t<div class=\"ead-loading-main\">\n\t\t\t\t\t\t<div class=\"ead-loading\">\n\t\t\t\t\t\t\t<img loading=\"lazy\" decoding=\"async\" src=\"https:\/\/www.ngmetalurgica.com.br\/wp-content\/plugins\/embed-any-document\/images\/loading.svg\" width=\"55\" height=\"55\" alt=\"Loader\">\n\t\t\t\t\t\t\t<span>Loading...<\/span>\n\t\t\t\t\t\t<\/div>\n\t\t\t\t\t<\/div>\n\t\t\t\t\t<div class=\"ead-loading-foot\">\n\t\t\t\t\t\t<div class=\"ead-loading-foot-title\">\n\t\t\t\t\t\t\t<img loading=\"lazy\" decoding=\"async\" src=\"https:\/\/www.ngmetalurgica.com.br\/wp-content\/plugins\/embed-any-document\/images\/EAD-logo.svg\" alt=\"EAD Logo\" width=\"36\" height=\"23\"\/>\n\t\t\t\t\t\t\t<span>Taking too long?<\/span>\n\t\t\t\t\t\t<\/div>\n\t\t\t\t\t\t<p>\n\t\t\t\t\t\t\t<div class=\"ead-document-btn ead-reload-btn\" role=\"button\">\n\t\t\t\t\t\t\t\t<img loading=\"lazy\" decoding=\"async\" src=\"https:\/\/www.ngmetalurgica.com.br\/wp-content\/plugins\/embed-any-document\/images\/reload.svg\" alt=\"Reload\" width=\"12\" height=\"12\"\/> Reload document\t\t\t\t\t\t\t<\/div>\n\t\t\t\t\t\t\t<span>|<\/span>\n\t\t\t\t\t\t\t<a href=\"https:\/\/www.ngmetalurgica.com.br\/wp-content\/uploads\/2021\/12\/68835-Codigo-de-Conduta-Etica-2021.pdf\" class=\"ead-document-btn\" target=\"_blank\">\n\t\t\t\t\t\t\t\t<img loading=\"lazy\" decoding=\"async\" src=\"https:\/\/www.ngmetalurgica.com.br\/wp-content\/plugins\/embed-any-document\/images\/open.svg\" alt=\"Open\" width=\"12\" height=\"12\"\/> Open in new tab\t\t\t\t\t\t\t<\/a>\n\t\t\t\t\t<\/div>\n\t\t\t\t<\/div>\n\t\t\t<\/div>\n\t\t<\/div><\/div>\n<div style=\"margin-bottom: 5px;\"><\/div>\n<div class=\"arq_download\">\n<div class=\"row\">\n<div class=\"col-md-10\">\n<p>Ethical code of conduct<\/p>\n<\/div>\n<div class=\"col-md-2\"><a href=\"https:\/\/www.ngmetalurgica.com.br\/wp-content\/uploads\/2021\/12\/68835-Codigo-de-Conduta-Etica-2021.pdf\" target=\"_blank\" rel=\"noopener noreferrer\"><br \/>\n<img decoding=\"async\" style=\"float: right;\" src=\"http:\/\/www.ngmetalurgica.com.br\/wp-content\/uploads\/2017\/06\/pdf.gif\" alt=\"\" \/><br \/>\n<\/a><\/div>\n<\/div>\n<\/div>\n<\/div>\n<\/div>\n<p><\/p>","protected":false},"excerpt":{"rendered":"<p>Valores fundamentais para os nossos neg\u00f3cios &nbsp; O C\u00f3digo de \u00c9tica \u00e9 um documento por meio do qual a NG e seus colaboradores reafirmam o compromisso com a vis\u00e3o, miss\u00e3o e valores que consideram essenciais para a exist\u00eancia e continuidade dos neg\u00f3cios. Gra\u00e7as a uma determina\u00e7\u00e3o de trabalho baseada na conduta \u00e9tica de todos os [&hellip;]<\/p>\n","protected":false},"author":1,"featured_media":0,"parent":54,"menu_order":0,"comment_status":"closed","ping_status":"closed","template":"","meta":{"_acf_changed":false,"footnotes":""},"class_list":["post-1627","page","type-page","status-publish","hentry"],"acf":[],"yoast_head":"<!-- This site is optimized with the Yoast SEO plugin v27.5 - https:\/\/yoast.com\/product\/yoast-seo-wordpress\/ -->\n<title>Ethical code of conduct - NG Metal\u00fargica<\/title>\n<meta name=\"robots\" content=\"index, follow, max-snippet:-1, max-image-preview:large, max-video-preview:-1\" \/>\n<link rel=\"canonical\" href=\"https:\/\/www.ngmetalurgica.com.br\/en\/empresa\/codigo-de-etica\/\" \/>\n<meta property=\"og:locale\" content=\"en_US\" \/>\n<meta property=\"og:type\" content=\"article\" \/>\n<meta property=\"og:title\" content=\"Ethical code of conduct - NG Metal\u00fargica\" \/>\n<meta property=\"og:description\" content=\"Valores fundamentais para os nossos neg\u00f3cios &nbsp; O C\u00f3digo de \u00c9tica \u00e9 um documento por meio do qual a NG e seus colaboradores reafirmam o compromisso com a vis\u00e3o, miss\u00e3o e valores que consideram essenciais para a exist\u00eancia e continuidade dos neg\u00f3cios. Gra\u00e7as a uma determina\u00e7\u00e3o de trabalho baseada na conduta \u00e9tica de todos os [&hellip;]\" \/>\n<meta property=\"og:url\" content=\"https:\/\/www.ngmetalurgica.com.br\/en\/empresa\/codigo-de-etica\/\" \/>\n<meta property=\"og:site_name\" content=\"NG Metal\u00fargica\" \/>\n<meta property=\"article:modified_time\" content=\"2023-07-19T13:25:27+00:00\" \/>\n<meta property=\"og:image\" content=\"http:\/\/www.ngmetalurgica.com.br\/wp-content\/uploads\/2017\/07\/logo-codigo-etica-150x150.jpg\" \/>\n<meta name=\"twitter:card\" content=\"summary_large_image\" \/>\n<meta name=\"twitter:label1\" content=\"Est. reading time\" \/>\n\t<meta name=\"twitter:data1\" content=\"2 minutes\" \/>\n<script type=\"application\/ld+json\" class=\"yoast-schema-graph\">{\"@context\":\"https:\\\/\\\/schema.org\",\"@graph\":[{\"@type\":\"WebPage\",\"@id\":\"https:\\\/\\\/www.ngmetalurgica.com.br\\\/en\\\/empresa\\\/codigo-de-etica\\\/\",\"url\":\"https:\\\/\\\/www.ngmetalurgica.com.br\\\/en\\\/empresa\\\/codigo-de-etica\\\/\",\"name\":\"Ethical code of conduct - NG Metal\u00fargica\",\"isPartOf\":{\"@id\":\"https:\\\/\\\/www.ngmetalurgica.com.br\\\/en\\\/#website\"},\"primaryImageOfPage\":{\"@id\":\"https:\\\/\\\/www.ngmetalurgica.com.br\\\/en\\\/empresa\\\/codigo-de-etica\\\/#primaryimage\"},\"image\":{\"@id\":\"https:\\\/\\\/www.ngmetalurgica.com.br\\\/empresa\\\/codigo-de-etica\\\/#primaryimage\"},\"thumbnailUrl\":\"http:\\\/\\\/www.ngmetalurgica.com.br\\\/wp-content\\\/uploads\\\/2017\\\/07\\\/logo-codigo-etica-150x150.jpg\",\"datePublished\":\"2017-07-20T13:14:56+00:00\",\"dateModified\":\"2023-07-19T13:25:27+00:00\",\"breadcrumb\":{\"@id\":\"https:\\\/\\\/www.ngmetalurgica.com.br\\\/en\\\/empresa\\\/codigo-de-etica\\\/#breadcrumb\"},\"inLanguage\":\"en-US\",\"potentialAction\":[{\"@type\":\"ReadAction\",\"target\":[[\"https:\\\/\\\/www.ngmetalurgica.com.br\\\/en\\\/empresa\\\/codigo-de-etica\\\/\"]]}]},{\"@type\":\"ImageObject\",\"inLanguage\":\"en-US\",\"@id\":\"https:\\\/\\\/www.ngmetalurgica.com.br\\\/en\\\/empresa\\\/codigo-de-etica\\\/#primaryimage\",\"url\":\"http:\\\/\\\/www.ngmetalurgica.com.br\\\/wp-content\\\/uploads\\\/2017\\\/07\\\/logo-codigo-etica-150x150.jpg\",\"contentUrl\":\"http:\\\/\\\/www.ngmetalurgica.com.br\\\/wp-content\\\/uploads\\\/2017\\\/07\\\/logo-codigo-etica-150x150.jpg\"},{\"@type\":\"BreadcrumbList\",\"@id\":\"https:\\\/\\\/www.ngmetalurgica.com.br\\\/en\\\/empresa\\\/codigo-de-etica\\\/#breadcrumb\",\"itemListElement\":[{\"@type\":\"ListItem\",\"position\":1,\"name\":\"In\u00edcio\",\"item\":\"https:\\\/\\\/www.ngmetalurgica.com.br\\\/en\\\/\"},{\"@type\":\"ListItem\",\"position\":2,\"name\":\"Empresa\",\"item\":\"https:\\\/\\\/www.ngmetalurgica.com.br\\\/en\\\/empresa\\\/\"},{\"@type\":\"ListItem\",\"position\":3,\"name\":\"C\u00f3digo de \u00c9tica\"}]},{\"@type\":\"WebSite\",\"@id\":\"https:\\\/\\\/www.ngmetalurgica.com.br\\\/en\\\/#website\",\"url\":\"https:\\\/\\\/www.ngmetalurgica.com.br\\\/en\\\/\",\"name\":\"NG Metal\u00fargica\",\"description\":\"\",\"publisher\":{\"@id\":\"https:\\\/\\\/www.ngmetalurgica.com.br\\\/en\\\/#organization\"},\"potentialAction\":[{\"@type\":\"SearchAction\",\"target\":{\"@type\":\"EntryPoint\",\"urlTemplate\":\"https:\\\/\\\/www.ngmetalurgica.com.br\\\/en\\\/?s={search_term_string}\"},\"query-input\":{\"@type\":\"PropertyValueSpecification\",\"valueRequired\":true,\"valueName\":\"search_term_string\"}}],\"inLanguage\":\"en-US\"},{\"@type\":\"Organization\",\"@id\":\"https:\\\/\\\/www.ngmetalurgica.com.br\\\/en\\\/#organization\",\"name\":\"NG Metal\u00fargica\",\"url\":\"https:\\\/\\\/www.ngmetalurgica.com.br\\\/en\\\/\",\"logo\":{\"@type\":\"ImageObject\",\"inLanguage\":\"en-US\",\"@id\":\"https:\\\/\\\/www.ngmetalurgica.com.br\\\/en\\\/#\\\/schema\\\/logo\\\/image\\\/\",\"url\":\"https:\\\/\\\/www.ngmetalurgica.com.br\\\/wp-content\\\/uploads\\\/2021\\\/04\\\/ng-vagas.png\",\"contentUrl\":\"https:\\\/\\\/www.ngmetalurgica.com.br\\\/wp-content\\\/uploads\\\/2021\\\/04\\\/ng-vagas.png\",\"width\":630,\"height\":350,\"caption\":\"NG Metal\u00fargica\"},\"image\":{\"@id\":\"https:\\\/\\\/www.ngmetalurgica.com.br\\\/en\\\/#\\\/schema\\\/logo\\\/image\\\/\"}}]}<\/script>\n<!-- \/ Yoast SEO plugin. -->","yoast_head_json":{"title":"Ethical code of conduct - NG Metal\u00fargica","robots":{"index":"index","follow":"follow","max-snippet":"max-snippet:-1","max-image-preview":"max-image-preview:large","max-video-preview":"max-video-preview:-1"},"canonical":"https:\/\/www.ngmetalurgica.com.br\/en\/empresa\/codigo-de-etica\/","og_locale":"en_US","og_type":"article","og_title":"Ethical code of conduct - NG Metal\u00fargica","og_description":"Valores fundamentais para os nossos neg\u00f3cios &nbsp; O C\u00f3digo de \u00c9tica \u00e9 um documento por meio do qual a NG e seus colaboradores reafirmam o compromisso com a vis\u00e3o, miss\u00e3o e valores que consideram essenciais para a exist\u00eancia e continuidade dos neg\u00f3cios. Gra\u00e7as a uma determina\u00e7\u00e3o de trabalho baseada na conduta \u00e9tica de todos os [&hellip;]","og_url":"https:\/\/www.ngmetalurgica.com.br\/en\/empresa\/codigo-de-etica\/","og_site_name":"NG Metal\u00fargica","article_modified_time":"2023-07-19T13:25:27+00:00","og_image":[{"url":"http:\/\/www.ngmetalurgica.com.br\/wp-content\/uploads\/2017\/07\/logo-codigo-etica-150x150.jpg","type":"","width":"","height":""}],"twitter_card":"summary_large_image","twitter_misc":{"Est. reading time":"2 minutes"},"schema":{"@context":"https:\/\/schema.org","@graph":[{"@type":"WebPage","@id":"https:\/\/www.ngmetalurgica.com.br\/en\/empresa\/codigo-de-etica\/","url":"https:\/\/www.ngmetalurgica.com.br\/en\/empresa\/codigo-de-etica\/","name":"Ethical code of conduct - NG Metal\u00fargica","isPartOf":{"@id":"https:\/\/www.ngmetalurgica.com.br\/en\/#website"},"primaryImageOfPage":{"@id":"https:\/\/www.ngmetalurgica.com.br\/en\/empresa\/codigo-de-etica\/#primaryimage"},"image":{"@id":"https:\/\/www.ngmetalurgica.com.br\/empresa\/codigo-de-etica\/#primaryimage"},"thumbnailUrl":"http:\/\/www.ngmetalurgica.com.br\/wp-content\/uploads\/2017\/07\/logo-codigo-etica-150x150.jpg","datePublished":"2017-07-20T13:14:56+00:00","dateModified":"2023-07-19T13:25:27+00:00","breadcrumb":{"@id":"https:\/\/www.ngmetalurgica.com.br\/en\/empresa\/codigo-de-etica\/#breadcrumb"},"inLanguage":"en-US","potentialAction":[{"@type":"ReadAction","target":[["https:\/\/www.ngmetalurgica.com.br\/en\/empresa\/codigo-de-etica\/"]]}]},{"@type":"ImageObject","inLanguage":"en-US","@id":"https:\/\/www.ngmetalurgica.com.br\/en\/empresa\/codigo-de-etica\/#primaryimage","url":"http:\/\/www.ngmetalurgica.com.br\/wp-content\/uploads\/2017\/07\/logo-codigo-etica-150x150.jpg","contentUrl":"http:\/\/www.ngmetalurgica.com.br\/wp-content\/uploads\/2017\/07\/logo-codigo-etica-150x150.jpg"},{"@type":"BreadcrumbList","@id":"https:\/\/www.ngmetalurgica.com.br\/en\/empresa\/codigo-de-etica\/#breadcrumb","itemListElement":[{"@type":"ListItem","position":1,"name":"In\u00edcio","item":"https:\/\/www.ngmetalurgica.com.br\/en\/"},{"@type":"ListItem","position":2,"name":"Empresa","item":"https:\/\/www.ngmetalurgica.com.br\/en\/empresa\/"},{"@type":"ListItem","position":3,"name":"C\u00f3digo de \u00c9tica"}]},{"@type":"WebSite","@id":"https:\/\/www.ngmetalurgica.com.br\/en\/#website","url":"https:\/\/www.ngmetalurgica.com.br\/en\/","name":"NG Metal\u00fargica","description":"","publisher":{"@id":"https:\/\/www.ngmetalurgica.com.br\/en\/#organization"},"potentialAction":[{"@type":"SearchAction","target":{"@type":"EntryPoint","urlTemplate":"https:\/\/www.ngmetalurgica.com.br\/en\/?s={search_term_string}"},"query-input":{"@type":"PropertyValueSpecification","valueRequired":true,"valueName":"search_term_string"}}],"inLanguage":"en-US"},{"@type":"Organization","@id":"https:\/\/www.ngmetalurgica.com.br\/en\/#organization","name":"NG Metal\u00fargica","url":"https:\/\/www.ngmetalurgica.com.br\/en\/","logo":{"@type":"ImageObject","inLanguage":"en-US","@id":"https:\/\/www.ngmetalurgica.com.br\/en\/#\/schema\/logo\/image\/","url":"https:\/\/www.ngmetalurgica.com.br\/wp-content\/uploads\/2021\/04\/ng-vagas.png","contentUrl":"https:\/\/www.ngmetalurgica.com.br\/wp-content\/uploads\/2021\/04\/ng-vagas.png","width":630,"height":350,"caption":"NG Metal\u00fargica"},"image":{"@id":"https:\/\/www.ngmetalurgica.com.br\/en\/#\/schema\/logo\/image\/"}}]}},"_links":{"self":[{"href":"https:\/\/www.ngmetalurgica.com.br\/en\/wp-json\/wp\/v2\/pages\/1627","targetHints":{"allow":["GET"]}}],"collection":[{"href":"https:\/\/www.ngmetalurgica.com.br\/en\/wp-json\/wp\/v2\/pages"}],"about":[{"href":"https:\/\/www.ngmetalurgica.com.br\/en\/wp-json\/wp\/v2\/types\/page"}],"author":[{"embeddable":true,"href":"https:\/\/www.ngmetalurgica.com.br\/en\/wp-json\/wp\/v2\/users\/1"}],"replies":[{"embeddable":true,"href":"https:\/\/www.ngmetalurgica.com.br\/en\/wp-json\/wp\/v2\/comments?post=1627"}],"version-history":[{"count":32,"href":"https:\/\/www.ngmetalurgica.com.br\/en\/wp-json\/wp\/v2\/pages\/1627\/revisions"}],"predecessor-version":[{"id":3587,"href":"https:\/\/www.ngmetalurgica.com.br\/en\/wp-json\/wp\/v2\/pages\/1627\/revisions\/3587"}],"up":[{"embeddable":true,"href":"https:\/\/www.ngmetalurgica.com.br\/en\/wp-json\/wp\/v2\/pages\/54"}],"wp:attachment":[{"href":"https:\/\/www.ngmetalurgica.com.br\/en\/wp-json\/wp\/v2\/media?parent=1627"}],"curies":[{"name":"wp","href":"https:\/\/api.w.org\/{rel}","templated":true}]}}